{"id":124,"date":"2025-05-27T08:31:06","date_gmt":"2025-05-27T08:31:06","guid":{"rendered":"https:\/\/impro-orchester.de\/?page_id=124"},"modified":"2025-06-26T10:38:50","modified_gmt":"2025-06-26T08:38:50","slug":"imprint","status":"publish","type":"page","link":"https:\/\/impro-orchester.de\/en\/impressum\/","title":{"rendered":"Imprint"},"content":{"rendered":"<div data-elementor-type=\"wp-page\" data-elementor-id=\"124\" class=\"elementor elementor-124\" data-elementor-post-type=\"page\">\n\t\t\t\t\t\t<section class=\"elementor-section elementor-top-section elementor-element elementor-element-67b702c elementor-section-height-min-height elementor-section-boxed elementor-section-height-default elementor-section-items-middle\" data-id=\"67b702c\" data-element_type=\"section\" data-e-type=\"section\" data-settings=\"{&quot;background_background&quot;:&quot;classic&quot;}\">\n\t\t\t\t\t\t<div class=\"elementor-container elementor-column-gap-default\">\n\t\t\t\t\t<div class=\"elementor-column elementor-col-100 elementor-top-column elementor-element elementor-element-6382262\" data-id=\"6382262\" data-element_type=\"column\" data-e-type=\"column\">\n\t\t\t<div class=\"elementor-widget-wrap elementor-element-populated\">\n\t\t\t\t\t\t<div class=\"elementor-element elementor-element-07a74be elementor-widget elementor-widget-heading\" data-id=\"07a74be\" data-element_type=\"widget\" data-e-type=\"widget\" data-widget_type=\"heading.default\">\n\t\t\t\t<div class=\"elementor-widget-container\">\n\t\t\t\t\t<h1 class=\"elementor-heading-title elementor-size-default\">Imprint<\/h1>\t\t\t\t<\/div>\n\t\t\t\t<\/div>\n\t\t\t\t<div class=\"elementor-element elementor-element-0637bb3 elementor-widget elementor-widget-text-editor\" data-id=\"0637bb3\" data-element_type=\"widget\" data-e-type=\"widget\" data-widget_type=\"text-editor.default\">\n\t\t\t\t<div class=\"elementor-widget-container\">\n\t\t\t\t\t\t\t\t\t<p>Contact details according to \u00a7 5 DDG:<\/p><p>Cultural Caravan<br \/>non-profit UG (limited liability)<br \/>Jochen Leuf, Managing Director<\/p><p>Wechselstra\u00dfe 4-6<br \/>54290 Trier<br \/>info@kultur-karawane.de<\/p><p>IBAN: DE03 5855 0130 0001 0665 47<br \/>BIC: TRISDE55XXX<\/p><p>Responsible for the content according to \u00a7 55 Abs. 2 RStV:<br \/>Jochen Leuf, Trier<\/p><p>Artistic Director \/ Management: Jochen Leuf<br \/>Commercial management \/ management: Tamay Zieske<\/p><p>Commercial register number: HRB 42858<\/p><p>VAT ID: DE295325474<\/p>\t\t\t\t\t\t\t\t<\/div>\n\t\t\t\t<\/div>\n\t\t\t\t<div class=\"elementor-element elementor-element-3116ead elementor-widget elementor-widget-heading\" data-id=\"3116ead\" data-element_type=\"widget\" data-e-type=\"widget\" data-widget_type=\"heading.default\">\n\t\t\t\t<div class=\"elementor-widget-container\">\n\t\t\t\t\t<h1 class=\"elementor-heading-title elementor-size-default\">Data protection<\/h1>\t\t\t\t<\/div>\n\t\t\t\t<\/div>\n\t\t\t\t<div class=\"elementor-element elementor-element-c2a9e3b elementor-widget elementor-widget-text-editor\" data-id=\"c2a9e3b\" data-element_type=\"widget\" data-e-type=\"widget\" data-widget_type=\"text-editor.default\">\n\t\t\t\t<div class=\"elementor-widget-container\">\n\t\t\t\t\t\t\t\t\t<p>General note and mandatory information<\/p><p><strong>Designation of the responsible body<\/strong><\/p><p>The controller responsible for data processing on this website is<\/p><p>Kulturkarawane non-profit UG<br \/>Jochen Leuf<br \/>Hommerstrasse 28<br \/>54290 Trier<\/p><p>The controller alone decides on the purposes and means of processing personal data<\/p><p><b>Revocation of your consent to data processing<\/b><\/p><p>Some data processing operations are only possible with your express consent. You can withdraw your consent at any time. An informal notification by e-mail is sufficient for the cancellation. The legality of the data processing carried out until the revocation remains unaffected by the revocation.<\/p><p><b>Right to lodge a complaint with the competent supervisory authority<\/b><\/p><p>As a data subject, you have the right to lodge a complaint with the competent supervisory authority in the event of a breach of data protection law. The competent supervisory authority for data protection issues is the state data protection officer of the federal state in which our company is based. The following link provides a list of data protection officers and their contact details: https:\/\/www.bfdi.bund.de\/DE\/Infothek\/Anschriften_Links\/anschriften_links-node.html.<\/p><p><b>Right to data portability<\/b><\/p><p>You have the right to have data that we process automatically on the basis of your consent or in fulfilment of a contract handed over to you or to third parties. The data will be provided in a machine-readable format. If you request the direct transfer of the data to another controller, this will only be done insofar as it is technically feasible.<\/p><p><b>Right to information, rectification, blocking, erasure<\/b><\/p><p>You have the right to free information about your stored personal data, the origin of the data, its recipients and the purpose of the data processing and, if necessary, a right to correction, blocking or deletion of this data at any time within the framework of the applicable legal provisions. You can contact us at any time using the contact options listed in the legal notice if you have any further questions on the subject of personal data.<\/p><p><strong>SSL or TLS encryption<\/strong><\/p><p>For security reasons and to protect the transmission of confidential content that you send to us as the site operator, our website uses SSL or TLS encryption. This means that data that you transmit via this website cannot be read by third parties. You can recognise an encrypted connection by the \"https:\/\/\" address line of your browser and the lock symbol in the browser line.<\/p><p><strong>Contact form<\/strong><\/p><p>Data transmitted via the contact form, including your contact details, will be stored in order to process your enquiry or to be available for follow-up questions. This data will not be passed on without your consent.<\/p><p>The data entered in the contact form is processed exclusively on the basis of your consent (Art. 6 para. 1 lit. a GDPR). You can withdraw your consent at any time. An informal notification by e-mail is sufficient to revoke your consent. The legality of the data processing operations carried out until the revocation remains unaffected by the revocation.<\/p><p>Data transmitted via the contact form will remain with us until you ask us to delete it, revoke your consent to storage or there is no longer any need to store the data. Mandatory statutory provisions - in particular retention periods - remain unaffected.<\/p><p><strong>Newsletter data<\/strong><\/p><p>We require an e-mail address from you in order to send you our newsletter. Verification of the e-mail address provided is necessary and you must consent to receiving the newsletter. Additional data is not collected or is voluntary. The data is used exclusively for sending the newsletter.<\/p><p>The data provided when registering for the newsletter will be processed exclusively on the basis of your consent (Art. 6 para. 1 lit. a GDPR). You can withdraw your consent at any time. To withdraw your consent, simply send us an informal email or unsubscribe via the \"Unsubscribe\" link in the newsletter. The legality of the data processing operations that have already taken place remains unaffected by the cancellation.<\/p><p>Data entered to set up the subscription will be deleted in the event of cancellation. If this data has been transmitted to us for other purposes and elsewhere, it will remain with us.<\/p><p><strong>Cookies<\/strong><\/p><p>Our website uses cookies. These are small text files that your web browser stores on your end device. Cookies help us to make our website more user-friendly, effective and secure.<\/p><p>Some cookies are \"session cookies\". Such cookies are deleted automatically at the end of your browser session. Other cookies, on the other hand, remain on your device until you delete them yourself. Such cookies help us to recognise you when you return to our website.<\/p><p>With a modern web browser, you can monitor, restrict or prevent the setting of cookies. Many web browsers can be configured so that cookies are deleted automatically when the programme is closed. Deactivating cookies may result in limited functionality of our website.<\/p><p>The setting of cookies, which are necessary for the performance of electronic communication processes or the provision of certain functions desired by you (e.g. shopping basket), takes place on the basis of Art. 6 para. 1 lit. f GDPR. As the operator of this website, we have a legitimate interest in the storage of cookies for the technically error-free and smooth provision of our services. If other cookies are set (e.g. for analysis functions), these are treated separately in this privacy policy.<\/p><p><br \/><strong>Disclaimer:<\/strong><br \/>Liability for content<\/p><p>The content of our website has been compiled with the greatest care. However, we cannot assume any liability for the accuracy, completeness and topicality of the content. As a service provider, we are responsible for our own content on these pages in accordance with \u00a7 7 (1) DDG and general legislation. However, according to \u00a7\u00a7 8 to 10 DDG, as a service provider we are not obliged to monitor transmitted or stored third-party information or to investigate circumstances that indicate illegal activity. Obligations to remove or block the use of information in accordance with general legislation remain unaffected by this. However, liability in this respect is only possible from the time of knowledge of a specific infringement. As soon as we become aware of such infringements, we will remove this content immediately.<\/p><p><strong>Liability for links<\/strong><\/p><p>Our website contains links to external third-party websites over whose content we have no influence. Therefore, we cannot accept any liability for this third-party content. The respective provider or operator of the pages is always responsible for the content of the linked pages. The linked pages were checked for possible legal violations at the time of linking. Illegal contents were not recognisable at the time of linking. However, permanent monitoring of the content of the linked pages is not reasonable without concrete evidence of an infringement. If we become aware of any legal infringements, we will remove such links immediately.<br \/>Copyright<\/p><p>The content and works created by the site operators on these pages are subject to German copyright law. Duplication, processing, distribution and any kind of utilisation outside the limits of copyright law require the written consent of the respective author or creator. Downloads and copies of this site are only permitted for private, non-commercial use. Insofar as the content on this site was not created by the operator, the copyrights of third parties are respected. In particular, third-party content is labelled as such. Should you nevertheless become aware of a copyright infringement, please inform us accordingly. If we become aware of any infringements, we will remove such content immediately.<\/p><p><strong>Data protection<\/strong><\/p><p>The use of our website is generally possible without providing personal data. Insofar as personal data (e.g. name, address or e-mail addresses) is collected on our website, this is always done on a voluntary basis as far as possible. This data will not be passed on to third parties without your express consent.<\/p><p>We would like to point out that data transmission over the Internet (e.g. when communicating by e-mail) can have security gaps. Complete protection of data against access by third parties is not possible.<\/p><p>We hereby expressly prohibit the use of contact data published within the scope of the imprint obligation by third parties for sending unsolicited advertising and information material. The operators of this website expressly reserve the right to take legal action in the event of the unsolicited sending of advertising information, such as spam e-mails.<br \/>Privacy policy for the use of Facebook plugins (Like button)<\/p><p><strong>Google Fonts privacy policy<\/strong><\/p><p>We use Google Fonts from Google Inc (1600 Amphitheatre Parkway Mountain View, CA 94043, USA) on our website. Google Fonts are used without authentication and no cookies are sent to the Google Fonts API. If you have an account with Google, none of your Google account data will be transmitted to Google when you use Google Fonts. Google only records the use of CSS and the fonts used and stores this data securely. You can find out more about these and other questions at https:\/\/developers.google.com\/fonts\/faq?tid=231549017385.<\/p><p>You can find out what data is collected by Google and what this data is used for at https:\/\/www.google.com\/intl\/de\/policies\/privacy\/.<\/p>\t\t\t\t\t\t\t\t<\/div>\n\t\t\t\t<\/div>\n\t\t\t\t\t<\/div>\n\t\t<\/div>\n\t\t\t\t\t<\/div>\n\t\t<\/section>\n\t\t\t\t<\/div>","protected":false},"excerpt":{"rendered":"<p>Impressum Kontaktdaten gem\u00e4\u00df \u00a7 5 DDG: Kulturkarawanegemeinn\u00fctzige UG (haftungsbeschr\u00e4nkt)Jochen Leuf, Gesch\u00e4ftsf\u00fchrer Wechselstra\u00dfe 4-654290 Trierinfo@kultur-karawane.de IBAN: DE03 5855 0130 0001 0665 47BIC: TRISDE55XXX Verantwortlich f\u00fcr den Inhalt nach \u00a7 55 Abs. 2 RStV:Jochen Leuf, Trier K\u00fcnstlerische Leitung \/ Gesch\u00e4ftsf\u00fchrung: Jochen LeufKaufm\u00e4nnische Leitung \/ Gesch\u00e4ftsf\u00fchrung: Tamay Zieske Handelsregisternummer: HRB 42858 UmSt. ID: DE295325474 Datenschutz Allgemeiner Hinweis und [&hellip;]<\/p>\n","protected":false},"author":1,"featured_media":0,"parent":0,"menu_order":0,"comment_status":"closed","ping_status":"closed","template":"elementor_header_footer","meta":{"footnotes":""},"class_list":["post-124","page","type-page","status-publish","hentry"],"yoast_head":"<!-- This site is optimized with the Yoast SEO plugin v27.5 - https:\/\/yoast.com\/product\/yoast-seo-wordpress\/ -->\n<title>Impressum - ZusammenSpiel<\/title>\n<meta name=\"robots\" content=\"index, follow, max-snippet:-1, max-image-preview:large, max-video-preview:-1\" \/>\n<link rel=\"canonical\" href=\"https:\/\/impro-orchester.de\/en\/imprint\/\" \/>\n<meta property=\"og:locale\" content=\"en_GB\" \/>\n<meta property=\"og:type\" content=\"article\" \/>\n<meta property=\"og:title\" content=\"Impressum - ZusammenSpiel\" \/>\n<meta property=\"og:description\" content=\"Impressum Kontaktdaten gem\u00e4\u00df \u00a7 5 DDG: Kulturkarawanegemeinn\u00fctzige UG (haftungsbeschr\u00e4nkt)Jochen Leuf, Gesch\u00e4ftsf\u00fchrer Wechselstra\u00dfe 4-654290 Trierinfo@kultur-karawane.de IBAN: DE03 5855 0130 0001 0665 47BIC: TRISDE55XXX Verantwortlich f\u00fcr den Inhalt nach \u00a7 55 Abs. 2 RStV:Jochen Leuf, Trier K\u00fcnstlerische Leitung \/ Gesch\u00e4ftsf\u00fchrung: Jochen LeufKaufm\u00e4nnische Leitung \/ Gesch\u00e4ftsf\u00fchrung: Tamay Zieske Handelsregisternummer: HRB 42858 UmSt. ID: DE295325474 Datenschutz Allgemeiner Hinweis und [&hellip;]\" \/>\n<meta property=\"og:url\" content=\"https:\/\/impro-orchester.de\/en\/imprint\/\" \/>\n<meta property=\"og:site_name\" content=\"ZusammenSpiel\" \/>\n<meta property=\"article:modified_time\" content=\"2025-06-26T08:38:50+00:00\" \/>\n<meta name=\"twitter:card\" content=\"summary_large_image\" \/>\n<meta name=\"twitter:label1\" content=\"Estimated reading time\" \/>\n\t<meta name=\"twitter:data1\" content=\"8 minutes\" \/>\n<script type=\"application\/ld+json\" class=\"yoast-schema-graph\">{\"@context\":\"https:\\\/\\\/schema.org\",\"@graph\":[{\"@type\":\"WebPage\",\"@id\":\"https:\\\/\\\/impro-orchester.de\\\/impressum\\\/\",\"url\":\"https:\\\/\\\/impro-orchester.de\\\/impressum\\\/\",\"name\":\"Impressum - ZusammenSpiel\",\"isPartOf\":{\"@id\":\"https:\\\/\\\/impro-orchester.de\\\/#website\"},\"datePublished\":\"2025-05-27T08:31:06+00:00\",\"dateModified\":\"2025-06-26T08:38:50+00:00\",\"breadcrumb\":{\"@id\":\"https:\\\/\\\/impro-orchester.de\\\/impressum\\\/#breadcrumb\"},\"inLanguage\":\"en-GB\",\"potentialAction\":[{\"@type\":\"ReadAction\",\"target\":[\"https:\\\/\\\/impro-orchester.de\\\/impressum\\\/\"]}]},{\"@type\":\"BreadcrumbList\",\"@id\":\"https:\\\/\\\/impro-orchester.de\\\/impressum\\\/#breadcrumb\",\"itemListElement\":[{\"@type\":\"ListItem\",\"position\":1,\"name\":\"Startseite\",\"item\":\"https:\\\/\\\/impro-orchester.de\\\/\"},{\"@type\":\"ListItem\",\"position\":2,\"name\":\"Impressum\"}]},{\"@type\":\"WebSite\",\"@id\":\"https:\\\/\\\/impro-orchester.de\\\/#website\",\"url\":\"https:\\\/\\\/impro-orchester.de\\\/\",\"name\":\"ZusammenSpiel\",\"description\":\"Improvisation. Orchester. Interkulturell\",\"potentialAction\":[{\"@type\":\"SearchAction\",\"target\":{\"@type\":\"EntryPoint\",\"urlTemplate\":\"https:\\\/\\\/impro-orchester.de\\\/?s={search_term_string}\"},\"query-input\":{\"@type\":\"PropertyValueSpecification\",\"valueRequired\":true,\"valueName\":\"search_term_string\"}}],\"inLanguage\":\"en-GB\"}]}<\/script>\n<!-- \/ Yoast SEO plugin. -->","yoast_head_json":{"title":"Imprint - ZusammenSpiel","robots":{"index":"index","follow":"follow","max-snippet":"max-snippet:-1","max-image-preview":"max-image-preview:large","max-video-preview":"max-video-preview:-1"},"canonical":"https:\/\/impro-orchester.de\/en\/imprint\/","og_locale":"en_GB","og_type":"article","og_title":"Impressum - ZusammenSpiel","og_description":"Impressum Kontaktdaten gem\u00e4\u00df \u00a7 5 DDG: Kulturkarawanegemeinn\u00fctzige UG (haftungsbeschr\u00e4nkt)Jochen Leuf, Gesch\u00e4ftsf\u00fchrer Wechselstra\u00dfe 4-654290 Trierinfo@kultur-karawane.de IBAN: DE03 5855 0130 0001 0665 47BIC: TRISDE55XXX Verantwortlich f\u00fcr den Inhalt nach \u00a7 55 Abs. 2 RStV:Jochen Leuf, Trier K\u00fcnstlerische Leitung \/ Gesch\u00e4ftsf\u00fchrung: Jochen LeufKaufm\u00e4nnische Leitung \/ Gesch\u00e4ftsf\u00fchrung: Tamay Zieske Handelsregisternummer: HRB 42858 UmSt. ID: DE295325474 Datenschutz Allgemeiner Hinweis und [&hellip;]","og_url":"https:\/\/impro-orchester.de\/en\/imprint\/","og_site_name":"ZusammenSpiel","article_modified_time":"2025-06-26T08:38:50+00:00","twitter_card":"summary_large_image","twitter_misc":{"Estimated reading time":"8 minutes"},"schema":{"@context":"https:\/\/schema.org","@graph":[{"@type":"WebPage","@id":"https:\/\/impro-orchester.de\/impressum\/","url":"https:\/\/impro-orchester.de\/impressum\/","name":"Imprint - ZusammenSpiel","isPartOf":{"@id":"https:\/\/impro-orchester.de\/#website"},"datePublished":"2025-05-27T08:31:06+00:00","dateModified":"2025-06-26T08:38:50+00:00","breadcrumb":{"@id":"https:\/\/impro-orchester.de\/impressum\/#breadcrumb"},"inLanguage":"en-GB","potentialAction":[{"@type":"ReadAction","target":["https:\/\/impro-orchester.de\/impressum\/"]}]},{"@type":"BreadcrumbList","@id":"https:\/\/impro-orchester.de\/impressum\/#breadcrumb","itemListElement":[{"@type":"ListItem","position":1,"name":"Startseite","item":"https:\/\/impro-orchester.de\/"},{"@type":"ListItem","position":2,"name":"Impressum"}]},{"@type":"WebSite","@id":"https:\/\/impro-orchester.de\/#website","url":"https:\/\/impro-orchester.de\/","name":"ZusammenSpiel","description":"Improvisation. Orchestra. Intercultural","potentialAction":[{"@type":"SearchAction","target":{"@type":"EntryPoint","urlTemplate":"https:\/\/impro-orchester.de\/?s={search_term_string}"},"query-input":{"@type":"PropertyValueSpecification","valueRequired":true,"valueName":"search_term_string"}}],"inLanguage":"en-GB"}]}},"_links":{"self":[{"href":"https:\/\/impro-orchester.de\/en\/wp-json\/wp\/v2\/pages\/124","targetHints":{"allow":["GET"]}}],"collection":[{"href":"https:\/\/impro-orchester.de\/en\/wp-json\/wp\/v2\/pages"}],"about":[{"href":"https:\/\/impro-orchester.de\/en\/wp-json\/wp\/v2\/types\/page"}],"author":[{"embeddable":true,"href":"https:\/\/impro-orchester.de\/en\/wp-json\/wp\/v2\/users\/1"}],"replies":[{"embeddable":true,"href":"https:\/\/impro-orchester.de\/en\/wp-json\/wp\/v2\/comments?post=124"}],"version-history":[{"count":13,"href":"https:\/\/impro-orchester.de\/en\/wp-json\/wp\/v2\/pages\/124\/revisions"}],"predecessor-version":[{"id":491,"href":"https:\/\/impro-orchester.de\/en\/wp-json\/wp\/v2\/pages\/124\/revisions\/491"}],"wp:attachment":[{"href":"https:\/\/impro-orchester.de\/en\/wp-json\/wp\/v2\/media?parent=124"}],"curies":[{"name":"wp","href":"https:\/\/api.w.org\/{rel}","templated":true}]}}